{"id":1256,"date":"2025-05-07T18:18:37","date_gmt":"2025-05-07T22:18:37","guid":{"rendered":"https:\/\/richardetlevesque.com\/galleries\/"},"modified":"2025-11-19T11:59:40","modified_gmt":"2025-11-19T16:59:40","slug":"project-gallery","status":"publish","type":"page","link":"https:\/\/richardetlevesque.com\/en\/kitchens\/project-gallery\/","title":{"rendered":"Projects"},"content":{"rendered":"\t\t<div data-elementor-type=\"wp-page\" data-elementor-id=\"1256\" class=\"elementor elementor-1256 elementor-33\" data-elementor-post-type=\"page\">\n\t\t\t\t<div class=\"elementor-element elementor-element-3406407 e-con-full e-flex e-con e-parent\" data-id=\"3406407\" data-element_type=\"container\" data-e-type=\"container\" data-settings=\"{&quot;jet_parallax_layout_list&quot;:[]}\">\n\t\t<div class=\"elementor-element elementor-element-f190271 e-con-full e-flex e-con e-child\" data-id=\"f190271\" data-element_type=\"container\" data-e-type=\"container\" data-settings=\"{&quot;background_background&quot;:&quot;classic&quot;,&quot;jet_parallax_layout_list&quot;:[]}\">\n\t\t\t\t<\/div>\n\t\t<div class=\"elementor-element elementor-element-8e4dcb2 e-con-full e-flex e-con e-child\" data-id=\"8e4dcb2\" data-element_type=\"container\" data-e-type=\"container\" data-settings=\"{&quot;background_background&quot;:&quot;classic&quot;,&quot;jet_parallax_layout_list&quot;:[]}\">\n\t\t\t\t<div class=\"elementor-element elementor-element-b6b2355 elementor-invisible elementor-widget elementor-widget-heading\" data-id=\"b6b2355\" data-element_type=\"widget\" data-e-type=\"widget\" data-settings=\"{&quot;_animation&quot;:&quot;slideInLeft&quot;}\" data-widget_type=\"heading.default\">\n\t\t\t\t<div class=\"elementor-widget-container\">\n\t\t\t\t\t<h2 class=\"elementor-heading-title elementor-size-default\">Our Projects<\/h2>\t\t\t\t<\/div>\n\t\t\t\t<\/div>\n\t\t\t\t<div class=\"elementor-element elementor-element-2d0e768 elementor-widget-divider--view-line elementor-widget elementor-widget-divider\" data-id=\"2d0e768\" data-element_type=\"widget\" data-e-type=\"widget\" data-widget_type=\"divider.default\">\n\t\t\t\t<div class=\"elementor-widget-container\">\n\t\t\t\t\t\t\t<div class=\"elementor-divider\">\n\t\t\t<span class=\"elementor-divider-separator\">\n\t\t\t\t\t\t<\/span>\n\t\t<\/div>\n\t\t\t\t\t\t<\/div>\n\t\t\t\t<\/div>\n\t\t\t\t<\/div>\n\t\t<div class=\"elementor-element elementor-element-20edbf1 e-con-full e-flex e-con e-child\" data-id=\"20edbf1\" data-element_type=\"container\" data-e-type=\"container\" data-settings=\"{&quot;jet_parallax_layout_list&quot;:[]}\">\n\t\t\t\t<div class=\"elementor-element elementor-element-8b28abf elementor-grid-4 elementor-grid-tablet-2 elementor-grid-mobile-1 elementor-widget elementor-widget-portfolio\" data-id=\"8b28abf\" data-element_type=\"widget\" data-e-type=\"widget\" data-settings=\"{&quot;columns&quot;:&quot;4&quot;,&quot;row_gap&quot;:{&quot;unit&quot;:&quot;px&quot;,&quot;size&quot;:10,&quot;sizes&quot;:[]},&quot;item_ratio&quot;:{&quot;unit&quot;:&quot;px&quot;,&quot;size&quot;:1.3,&quot;sizes&quot;:[]},&quot;columns_tablet&quot;:&quot;2&quot;,&quot;columns_mobile&quot;:&quot;1&quot;,&quot;item_gap&quot;:{&quot;unit&quot;:&quot;px&quot;,&quot;size&quot;:&quot;&quot;,&quot;sizes&quot;:[]}}\" data-widget_type=\"portfolio.default\">\n\t\t\t\t<div class=\"elementor-widget-container\">\n\t\t\t\t\t\t\t<ul class=\"elementor-portfolio__filters\">\n\t\t\t<li class=\"elementor-portfolio__filter elementor-active\" tabindex=\"0\" data-filter=\"__all\">All<\/li>\n\t\t\t\t\t\t\t<li class=\"elementor-portfolio__filter\" tabindex=\"0\" data-filter=\"37\">Modern<\/li>\n\t\t\t\t\t\t\t<li class=\"elementor-portfolio__filter\" tabindex=\"0\" data-filter=\"62\">Transitionnal<\/li>\n\t\t\t\t\t<\/ul>\n\t\t\t\t<div class=\"elementor-portfolio elementor-grid elementor-posts-container\" role=\"list\">\n\t\t\t\t<article class=\"elementor-portfolio-item elementor-post elementor-filter-62 post-20561 project type-project status-publish has-post-thumbnail hentry style-transitionnel\" role=\"listitem\">\n\t\t\t<a class=\"elementor-post__thumbnail__link\" href=\"https:\/\/richardetlevesque.com\/en\/project\/markham-project\/\">\n\t\t\t\t<div class=\"elementor-portfolio-item__img elementor-post__thumbnail\">\n\t\t\t<img fetchpriority=\"high\" decoding=\"async\" width=\"683\" height=\"800\" src=\"https:\/\/richardetlevesque.com\/wp-content\/uploads\/2025\/10\/Projet-cuisine-Markham-image-mise-de-lavant.png\" class=\"attachment-full size-full wp-image-20365\" alt=\"\" srcset=\"https:\/\/richardetlevesque.com\/wp-content\/uploads\/2025\/10\/Projet-cuisine-Markham-image-mise-de-lavant.png 683w, https:\/\/richardetlevesque.com\/wp-content\/uploads\/2025\/10\/Projet-cuisine-Markham-image-mise-de-lavant-256x300.png 256w\" sizes=\"(max-width: 683px) 100vw, 683px\" \/>\t\t<\/div>\n\t\t\t\t<div class=\"elementor-portfolio-item__overlay\">\n\t\t\t\t<h3 class=\"elementor-portfolio-item__title\">\n\t\tMarkham Project\t\t<\/h3>\n\t\t\t\t<\/div>\n\t\t\t\t<\/a>\n\t\t<\/article>\n\t\t\t\t<article class=\"elementor-portfolio-item elementor-post elementor-filter-37 post-20745 project type-project status-publish has-post-thumbnail hentry style-moderne\" role=\"listitem\">\n\t\t\t<a class=\"elementor-post__thumbnail__link\" href=\"https:\/\/richardetlevesque.com\/en\/project\/chasse-project\/\">\n\t\t\t\t<div class=\"elementor-portfolio-item__img elementor-post__thumbnail\">\n\t\t\t<img decoding=\"async\" width=\"683\" height=\"800\" src=\"https:\/\/richardetlevesque.com\/wp-content\/uploads\/2025\/06\/Projet-cuisine-Le-Chasse-Image-mise-de-lavant.png\" class=\"attachment-full size-full wp-image-18487\" alt=\"\" srcset=\"https:\/\/richardetlevesque.com\/wp-content\/uploads\/2025\/06\/Projet-cuisine-Le-Chasse-Image-mise-de-lavant.png 683w, https:\/\/richardetlevesque.com\/wp-content\/uploads\/2025\/06\/Projet-cuisine-Le-Chasse-Image-mise-de-lavant-256x300.png 256w\" sizes=\"(max-width: 683px) 100vw, 683px\" \/>\t\t<\/div>\n\t\t\t\t<div class=\"elementor-portfolio-item__overlay\">\n\t\t\t\t<h3 class=\"elementor-portfolio-item__title\">\n\t\tChass\u00e9 Project\t\t<\/h3>\n\t\t\t\t<\/div>\n\t\t\t\t<\/a>\n\t\t<\/article>\n\t\t\t\t<article class=\"elementor-portfolio-item elementor-post elementor-filter-62 post-20743 project type-project status-publish has-post-thumbnail hentry style-transitionnel\" role=\"listitem\">\n\t\t\t<a class=\"elementor-post__thumbnail__link\" href=\"https:\/\/richardetlevesque.com\/en\/project\/saint-laurent-project\/\">\n\t\t\t\t<div class=\"elementor-portfolio-item__img elementor-post__thumbnail\">\n\t\t\t<img decoding=\"async\" width=\"683\" height=\"800\" src=\"https:\/\/richardetlevesque.com\/wp-content\/uploads\/2025\/07\/Projet-cuisine-Saint-Laurent-Image-mise-de-lavant.png\" class=\"attachment-full size-full wp-image-19337\" alt=\"\" srcset=\"https:\/\/richardetlevesque.com\/wp-content\/uploads\/2025\/07\/Projet-cuisine-Saint-Laurent-Image-mise-de-lavant.png 683w, https:\/\/richardetlevesque.com\/wp-content\/uploads\/2025\/07\/Projet-cuisine-Saint-Laurent-Image-mise-de-lavant-256x300.png 256w\" sizes=\"(max-width: 683px) 100vw, 683px\" \/>\t\t<\/div>\n\t\t\t\t<div class=\"elementor-portfolio-item__overlay\">\n\t\t\t\t<h3 class=\"elementor-portfolio-item__title\">\n\t\tSaint-Laurent Project\t\t<\/h3>\n\t\t\t\t<\/div>\n\t\t\t\t<\/a>\n\t\t<\/article>\n\t\t\t\t<article class=\"elementor-portfolio-item elementor-post elementor-filter-37 post-20741 project type-project status-publish has-post-thumbnail hentry style-moderne\" role=\"listitem\">\n\t\t\t<a class=\"elementor-post__thumbnail__link\" href=\"https:\/\/richardetlevesque.com\/en\/project\/lemoine-project\/\">\n\t\t\t\t<div class=\"elementor-portfolio-item__img elementor-post__thumbnail\">\n\t\t\t<img loading=\"lazy\" decoding=\"async\" width=\"683\" height=\"800\" src=\"https:\/\/richardetlevesque.com\/wp-content\/uploads\/2025\/06\/Projet-cuisine-Lemoine-Image-mise-de-lavant.png\" class=\"attachment-full size-full wp-image-18526\" alt=\"\" srcset=\"https:\/\/richardetlevesque.com\/wp-content\/uploads\/2025\/06\/Projet-cuisine-Lemoine-Image-mise-de-lavant.png 683w, https:\/\/richardetlevesque.com\/wp-content\/uploads\/2025\/06\/Projet-cuisine-Lemoine-Image-mise-de-lavant-256x300.png 256w\" sizes=\"(max-width: 683px) 100vw, 683px\" \/>\t\t<\/div>\n\t\t\t\t<div class=\"elementor-portfolio-item__overlay\">\n\t\t\t\t<h3 class=\"elementor-portfolio-item__title\">\n\t\tLemoine Project\t\t<\/h3>\n\t\t\t\t<\/div>\n\t\t\t\t<\/a>\n\t\t<\/article>\n\t\t\t\t<article class=\"elementor-portfolio-item elementor-post elementor-filter-62 post-20739 project type-project status-publish has-post-thumbnail hentry style-transitionnel\" role=\"listitem\">\n\t\t\t<a class=\"elementor-post__thumbnail__link\" href=\"https:\/\/richardetlevesque.com\/en\/project\/de-cologne-project\/\">\n\t\t\t\t<div class=\"elementor-portfolio-item__img elementor-post__thumbnail\">\n\t\t\t<img loading=\"lazy\" decoding=\"async\" width=\"683\" height=\"800\" src=\"https:\/\/richardetlevesque.com\/wp-content\/uploads\/2025\/07\/Projet-cuisine-De-Cologne-Image-mise-de-lavant.png\" class=\"attachment-full size-full wp-image-19388\" alt=\"\" srcset=\"https:\/\/richardetlevesque.com\/wp-content\/uploads\/2025\/07\/Projet-cuisine-De-Cologne-Image-mise-de-lavant.png 683w, https:\/\/richardetlevesque.com\/wp-content\/uploads\/2025\/07\/Projet-cuisine-De-Cologne-Image-mise-de-lavant-256x300.png 256w\" sizes=\"(max-width: 683px) 100vw, 683px\" \/>\t\t<\/div>\n\t\t\t\t<div class=\"elementor-portfolio-item__overlay\">\n\t\t\t\t<h3 class=\"elementor-portfolio-item__title\">\n\t\tDe Cologne Project\t\t<\/h3>\n\t\t\t\t<\/div>\n\t\t\t\t<\/a>\n\t\t<\/article>\n\t\t\t\t<article class=\"elementor-portfolio-item elementor-post elementor-filter-37 post-20733 project type-project status-publish has-post-thumbnail hentry style-moderne\" role=\"listitem\">\n\t\t\t<a class=\"elementor-post__thumbnail__link\" href=\"https:\/\/richardetlevesque.com\/en\/project\/legendre-project\/\">\n\t\t\t\t<div class=\"elementor-portfolio-item__img elementor-post__thumbnail\">\n\t\t\t<img loading=\"lazy\" decoding=\"async\" width=\"683\" height=\"800\" src=\"https:\/\/richardetlevesque.com\/wp-content\/uploads\/2025\/06\/Projet-cuisine-Legendre-Image-mise-de-lavant.png\" class=\"attachment-full size-full wp-image-18572\" alt=\"\" srcset=\"https:\/\/richardetlevesque.com\/wp-content\/uploads\/2025\/06\/Projet-cuisine-Legendre-Image-mise-de-lavant.png 683w, https:\/\/richardetlevesque.com\/wp-content\/uploads\/2025\/06\/Projet-cuisine-Legendre-Image-mise-de-lavant-256x300.png 256w\" sizes=\"(max-width: 683px) 100vw, 683px\" \/>\t\t<\/div>\n\t\t\t\t<div class=\"elementor-portfolio-item__overlay\">\n\t\t\t\t<h3 class=\"elementor-portfolio-item__title\">\n\t\tLegendre PRoject\t\t<\/h3>\n\t\t\t\t<\/div>\n\t\t\t\t<\/a>\n\t\t<\/article>\n\t\t\t\t<article class=\"elementor-portfolio-item elementor-post elementor-filter-37 post-20731 project type-project status-publish has-post-thumbnail hentry style-moderne\" role=\"listitem\">\n\t\t\t<a class=\"elementor-post__thumbnail__link\" href=\"https:\/\/richardetlevesque.com\/en\/project\/de-la-marina-project\/\">\n\t\t\t\t<div class=\"elementor-portfolio-item__img elementor-post__thumbnail\">\n\t\t\t<img loading=\"lazy\" decoding=\"async\" width=\"683\" height=\"800\" src=\"https:\/\/richardetlevesque.com\/wp-content\/uploads\/2025\/06\/Projet-cuisine-De-la-Marina-Image-mise-de-lavant.png\" class=\"attachment-full size-full wp-image-18621\" alt=\"\" srcset=\"https:\/\/richardetlevesque.com\/wp-content\/uploads\/2025\/06\/Projet-cuisine-De-la-Marina-Image-mise-de-lavant.png 683w, https:\/\/richardetlevesque.com\/wp-content\/uploads\/2025\/06\/Projet-cuisine-De-la-Marina-Image-mise-de-lavant-256x300.png 256w\" sizes=\"(max-width: 683px) 100vw, 683px\" \/>\t\t<\/div>\n\t\t\t\t<div class=\"elementor-portfolio-item__overlay\">\n\t\t\t\t<h3 class=\"elementor-portfolio-item__title\">\n\t\tDe la Marina Project\t\t<\/h3>\n\t\t\t\t<\/div>\n\t\t\t\t<\/a>\n\t\t<\/article>\n\t\t\t\t<article class=\"elementor-portfolio-item elementor-post elementor-filter-37 post-20729 project type-project status-publish has-post-thumbnail hentry style-moderne\" role=\"listitem\">\n\t\t\t<a class=\"elementor-post__thumbnail__link\" href=\"https:\/\/richardetlevesque.com\/en\/project\/saint-joseph-project\/\">\n\t\t\t\t<div class=\"elementor-portfolio-item__img elementor-post__thumbnail\">\n\t\t\t<img loading=\"lazy\" decoding=\"async\" width=\"683\" height=\"800\" src=\"https:\/\/richardetlevesque.com\/wp-content\/uploads\/2025\/07\/Projet-cuisine-Le-Saint-Joseph-Image-mise-de-lavant.png\" class=\"attachment-full size-full wp-image-19302\" alt=\"\" srcset=\"https:\/\/richardetlevesque.com\/wp-content\/uploads\/2025\/07\/Projet-cuisine-Le-Saint-Joseph-Image-mise-de-lavant.png 683w, https:\/\/richardetlevesque.com\/wp-content\/uploads\/2025\/07\/Projet-cuisine-Le-Saint-Joseph-Image-mise-de-lavant-256x300.png 256w\" sizes=\"(max-width: 683px) 100vw, 683px\" \/>\t\t<\/div>\n\t\t\t\t<div class=\"elementor-portfolio-item__overlay\">\n\t\t\t\t<h3 class=\"elementor-portfolio-item__title\">\n\t\tSaint-Joseph Project\t\t<\/h3>\n\t\t\t\t<\/div>\n\t\t\t\t<\/a>\n\t\t<\/article>\n\t\t\t\t<article class=\"elementor-portfolio-item elementor-post elementor-filter-37 post-20723 project type-project status-publish has-post-thumbnail hentry style-moderne\" role=\"listitem\">\n\t\t\t<a class=\"elementor-post__thumbnail__link\" href=\"https:\/\/richardetlevesque.com\/en\/project\/de-la-promenade-project\/\">\n\t\t\t\t<div class=\"elementor-portfolio-item__img elementor-post__thumbnail\">\n\t\t\t<img loading=\"lazy\" decoding=\"async\" width=\"683\" height=\"800\" src=\"https:\/\/richardetlevesque.com\/wp-content\/uploads\/2025\/07\/Projet-cuisine-De-la-Promenade-Image-mise-de-lavant.png\" class=\"attachment-full size-full wp-image-19439\" alt=\"\" srcset=\"https:\/\/richardetlevesque.com\/wp-content\/uploads\/2025\/07\/Projet-cuisine-De-la-Promenade-Image-mise-de-lavant.png 683w, https:\/\/richardetlevesque.com\/wp-content\/uploads\/2025\/07\/Projet-cuisine-De-la-Promenade-Image-mise-de-lavant-256x300.png 256w\" sizes=\"(max-width: 683px) 100vw, 683px\" \/>\t\t<\/div>\n\t\t\t\t<div class=\"elementor-portfolio-item__overlay\">\n\t\t\t\t<h3 class=\"elementor-portfolio-item__title\">\n\t\tDe la Promenade Project\t\t<\/h3>\n\t\t\t\t<\/div>\n\t\t\t\t<\/a>\n\t\t<\/article>\n\t\t\t\t<article class=\"elementor-portfolio-item elementor-post elementor-filter-62 post-20721 project type-project status-publish has-post-thumbnail hentry style-transitionnel\" role=\"listitem\">\n\t\t\t<a class=\"elementor-post__thumbnail__link\" href=\"https:\/\/richardetlevesque.com\/en\/project\/bergeville-project\/\">\n\t\t\t\t<div class=\"elementor-portfolio-item__img elementor-post__thumbnail\">\n\t\t\t<img loading=\"lazy\" decoding=\"async\" width=\"683\" height=\"800\" src=\"https:\/\/richardetlevesque.com\/wp-content\/uploads\/2025\/07\/Projet-cuisine-Bergeville-Image-mise-de-lavant-1.png\" class=\"attachment-full size-full wp-image-19275\" alt=\"\" srcset=\"https:\/\/richardetlevesque.com\/wp-content\/uploads\/2025\/07\/Projet-cuisine-Bergeville-Image-mise-de-lavant-1.png 683w, https:\/\/richardetlevesque.com\/wp-content\/uploads\/2025\/07\/Projet-cuisine-Bergeville-Image-mise-de-lavant-1-256x300.png 256w\" sizes=\"(max-width: 683px) 100vw, 683px\" \/>\t\t<\/div>\n\t\t\t\t<div class=\"elementor-portfolio-item__overlay\">\n\t\t\t\t<h3 class=\"elementor-portfolio-item__title\">\n\t\tBergeville Project\t\t<\/h3>\n\t\t\t\t<\/div>\n\t\t\t\t<\/a>\n\t\t<\/article>\n\t\t\t\t<article class=\"elementor-portfolio-item elementor-post elementor-filter-62 post-20719 project type-project status-publish has-post-thumbnail hentry style-transitionnel\" role=\"listitem\">\n\t\t\t<a class=\"elementor-post__thumbnail__link\" href=\"https:\/\/richardetlevesque.com\/en\/project\/des-rivieres-project\/\">\n\t\t\t\t<div class=\"elementor-portfolio-item__img elementor-post__thumbnail\">\n\t\t\t<img loading=\"lazy\" decoding=\"async\" width=\"683\" height=\"800\" src=\"https:\/\/richardetlevesque.com\/wp-content\/uploads\/2025\/06\/Projet-cuisine-Des-Rivieres-Image-mise-de-lavant.png\" class=\"attachment-full size-full wp-image-19070\" alt=\"\" srcset=\"https:\/\/richardetlevesque.com\/wp-content\/uploads\/2025\/06\/Projet-cuisine-Des-Rivieres-Image-mise-de-lavant.png 683w, https:\/\/richardetlevesque.com\/wp-content\/uploads\/2025\/06\/Projet-cuisine-Des-Rivieres-Image-mise-de-lavant-256x300.png 256w\" sizes=\"(max-width: 683px) 100vw, 683px\" \/>\t\t<\/div>\n\t\t\t\t<div class=\"elementor-portfolio-item__overlay\">\n\t\t\t\t<h3 class=\"elementor-portfolio-item__title\">\n\t\tDes Rivi\u00e8res Project\t\t<\/h3>\n\t\t\t\t<\/div>\n\t\t\t\t<\/a>\n\t\t<\/article>\n\t\t\t\t<article class=\"elementor-portfolio-item elementor-post elementor-filter-37 post-20716 project type-project status-publish has-post-thumbnail hentry style-moderne\" role=\"listitem\">\n\t\t\t<a class=\"elementor-post__thumbnail__link\" href=\"https:\/\/richardetlevesque.com\/en\/project\/le-lac-project\/\">\n\t\t\t\t<div class=\"elementor-portfolio-item__img elementor-post__thumbnail\">\n\t\t\t<img loading=\"lazy\" decoding=\"async\" width=\"683\" height=\"800\" src=\"https:\/\/richardetlevesque.com\/wp-content\/uploads\/2025\/06\/Projet-cuisine-Le-Lac-Image-mise-de-lavant.png\" class=\"attachment-full size-full wp-image-19133\" alt=\"\" srcset=\"https:\/\/richardetlevesque.com\/wp-content\/uploads\/2025\/06\/Projet-cuisine-Le-Lac-Image-mise-de-lavant.png 683w, https:\/\/richardetlevesque.com\/wp-content\/uploads\/2025\/06\/Projet-cuisine-Le-Lac-Image-mise-de-lavant-256x300.png 256w\" sizes=\"(max-width: 683px) 100vw, 683px\" \/>\t\t<\/div>\n\t\t\t\t<div class=\"elementor-portfolio-item__overlay\">\n\t\t\t\t<h3 class=\"elementor-portfolio-item__title\">\n\t\tLe Lac Project\t\t<\/h3>\n\t\t\t\t<\/div>\n\t\t\t\t<\/a>\n\t\t<\/article>\n\t\t\t\t<\/div>\n\t\t\t\t\t\t<\/div>\n\t\t\t\t<\/div>\n\t\t\t\t<\/div>\n\t\t<div class=\"elementor-element elementor-element-7e3ee65 e-flex e-con-boxed e-con e-child\" data-id=\"7e3ee65\" data-element_type=\"container\" data-e-type=\"container\" data-settings=\"{&quot;background_background&quot;:&quot;classic&quot;,&quot;jet_parallax_layout_list&quot;:[]}\">\n\t\t\t\t\t<div class=\"e-con-inner\">\n\t\t\t\t<div class=\"elementor-element elementor-element-976f173 elementor-widget elementor-widget-heading\" data-id=\"976f173\" data-element_type=\"widget\" data-e-type=\"widget\" data-widget_type=\"heading.default\">\n\t\t\t\t<div class=\"elementor-widget-container\">\n\t\t\t\t\t<h2 class=\"elementor-heading-title elementor-size-default\">Vous avez un projet en t\u00eate ?<\/h2>\t\t\t\t<\/div>\n\t\t\t\t<\/div>\n\t\t\t\t<div class=\"elementor-element elementor-element-be6ca7a elementor-widget-divider--view-line elementor-widget elementor-widget-divider\" data-id=\"be6ca7a\" data-element_type=\"widget\" data-e-type=\"widget\" data-widget_type=\"divider.default\">\n\t\t\t\t<div class=\"elementor-widget-container\">\n\t\t\t\t\t\t\t<div class=\"elementor-divider\">\n\t\t\t<span class=\"elementor-divider-separator\">\n\t\t\t\t\t\t<\/span>\n\t\t<\/div>\n\t\t\t\t\t\t<\/div>\n\t\t\t\t<\/div>\n\t\t\t\t<div class=\"elementor-element elementor-element-0b69d1e elementor-widget elementor-widget-html\" data-id=\"0b69d1e\" data-element_type=\"widget\" data-e-type=\"widget\" data-widget_type=\"html.default\">\n\t\t\t\t<div class=\"elementor-widget-container\">\n\t\t\t\t\t<iframe aria-label='Formulaire site web B2C' frameborder=\"0\" style=\"height:650px;width:99%;border:none;\" src='https:\/\/forms.zohopublic.com\/richardetlevesque\/form\/FormulairesitewebB2C\/formperma\/j9pDajNXSImM2KF954uOOo9_S2bDQlyczHlzf50Z7xk'><\/iframe>\t\t\t\t<\/div>\n\t\t\t\t<\/div>\n\t\t\t\t\t<\/div>\n\t\t\t\t<\/div>\n\t\t<div class=\"elementor-element elementor-element-ea6ac18 e-con-full e-flex e-con e-child\" data-id=\"ea6ac18\" data-element_type=\"container\" data-e-type=\"container\" data-settings=\"{&quot;background_background&quot;:&quot;classic&quot;,&quot;jet_parallax_layout_list&quot;:[]}\">\n\t\t\t\t<div class=\"elementor-element elementor-element-4148cd9 elementor-widget elementor-widget-heading\" data-id=\"4148cd9\" data-element_type=\"widget\" data-e-type=\"widget\" data-widget_type=\"heading.default\">\n\t\t\t\t<div class=\"elementor-widget-container\">\n\t\t\t\t\t<h2 class=\"elementor-heading-title elementor-size-default\">Visitez nos salles de montre<\/h2>\t\t\t\t<\/div>\n\t\t\t\t<\/div>\n\t\t\t\t<div class=\"elementor-element elementor-element-0c11d98 elementor-widget-divider--view-line elementor-widget elementor-widget-divider\" data-id=\"0c11d98\" data-element_type=\"widget\" data-e-type=\"widget\" data-widget_type=\"divider.default\">\n\t\t\t\t<div class=\"elementor-widget-container\">\n\t\t\t\t\t\t\t<div class=\"elementor-divider\">\n\t\t\t<span class=\"elementor-divider-separator\">\n\t\t\t\t\t\t<\/span>\n\t\t<\/div>\n\t\t\t\t\t\t<\/div>\n\t\t\t\t<\/div>\n\t\t<div class=\"elementor-element elementor-element-dde24d4 e-con-full e-flex e-con e-child\" data-id=\"dde24d4\" data-element_type=\"container\" data-e-type=\"container\" data-settings=\"{&quot;jet_parallax_layout_list&quot;:[]}\">\n\t\t<a class=\"elementor-element elementor-element-8e33fa7 e-con-full hover-card-container e-flex e-con e-child\" data-id=\"8e33fa7\" data-element_type=\"container\" data-e-type=\"container\" data-settings=\"{&quot;background_background&quot;:&quot;classic&quot;,&quot;jet_parallax_layout_list&quot;:[]}\" href=\"https:\/\/richardetlevesque.com\/contact\/salle-de-montre-quebec\/\">\n\t\t<div class=\"elementor-element elementor-element-4c42fcf e-con-full hover-overlay e-flex e-con e-child\" data-id=\"4c42fcf\" data-element_type=\"container\" data-e-type=\"container\" data-settings=\"{&quot;position&quot;:&quot;absolute&quot;,&quot;jet_parallax_layout_list&quot;:[]}\">\n\t\t\t\t<\/div>\n\t\t<div class=\"elementor-element elementor-element-0add18d e-con-full hover-gold-frame e-flex e-con e-child\" data-id=\"0add18d\" data-element_type=\"container\" data-e-type=\"container\" data-settings=\"{&quot;jet_parallax_layout_list&quot;:[]}\">\n\t\t\t\t<\/div>\n\t\t<div class=\"elementor-element elementor-element-34d830a e-con-full hover-card-content e-flex e-con e-child\" data-id=\"34d830a\" data-element_type=\"container\" data-e-type=\"container\" data-settings=\"{&quot;jet_parallax_layout_list&quot;:[]}\">\n\t\t\t\t<div class=\"elementor-element elementor-element-99370d8 elementor-widget elementor-widget-heading\" data-id=\"99370d8\" data-element_type=\"widget\" data-e-type=\"widget\" data-widget_type=\"heading.default\">\n\t\t\t\t<div class=\"elementor-widget-container\">\n\t\t\t\t\t<h2 class=\"elementor-heading-title elementor-size-default\">Qu\u00e9bec<\/h2>\t\t\t\t<\/div>\n\t\t\t\t<\/div>\n\t\t\t\t<div class=\"elementor-element elementor-element-de4c72e hover-subtext elementor-widget elementor-widget-text-editor\" data-id=\"de4c72e\" data-element_type=\"widget\" data-e-type=\"widget\" data-widget_type=\"text-editor.default\">\n\t\t\t\t<div class=\"elementor-widget-container\">\n\t\t\t\t\t\t\t\t\t<p>146 Rue de Rotterdam, St-Augustin<\/p>\t\t\t\t\t\t\t\t<\/div>\n\t\t\t\t<\/div>\n\t\t\t\t<\/div>\n\t\t\t\t<\/a>\n\t\t<a class=\"elementor-element elementor-element-7dd22af e-con-full hover-card-container e-flex e-con e-child\" data-id=\"7dd22af\" data-element_type=\"container\" data-e-type=\"container\" data-settings=\"{&quot;background_background&quot;:&quot;classic&quot;,&quot;jet_parallax_layout_list&quot;:[]}\" href=\"https:\/\/richardetlevesque.com\/contact\/salle-de-montre-montreal\/\">\n\t\t<div class=\"elementor-element elementor-element-23ee580 e-con-full hover-overlay e-flex e-con e-child\" data-id=\"23ee580\" data-element_type=\"container\" data-e-type=\"container\" data-settings=\"{&quot;position&quot;:&quot;absolute&quot;,&quot;jet_parallax_layout_list&quot;:[]}\">\n\t\t\t\t<\/div>\n\t\t<div class=\"elementor-element elementor-element-2432cfb e-con-full hover-gold-frame e-flex e-con e-child\" data-id=\"2432cfb\" data-element_type=\"container\" data-e-type=\"container\" data-settings=\"{&quot;jet_parallax_layout_list&quot;:[]}\">\n\t\t\t\t<\/div>\n\t\t<div class=\"elementor-element elementor-element-47b8d0e e-con-full hover-card-content e-flex e-con e-child\" data-id=\"47b8d0e\" data-element_type=\"container\" data-e-type=\"container\" data-settings=\"{&quot;jet_parallax_layout_list&quot;:[]}\">\n\t\t\t\t<div class=\"elementor-element elementor-element-00f6dda elementor-widget elementor-widget-heading\" data-id=\"00f6dda\" data-element_type=\"widget\" data-e-type=\"widget\" data-widget_type=\"heading.default\">\n\t\t\t\t<div class=\"elementor-widget-container\">\n\t\t\t\t\t<h2 class=\"elementor-heading-title elementor-size-default\">Montr\u00e9al<\/h2>\t\t\t\t<\/div>\n\t\t\t\t<\/div>\n\t\t\t\t<div class=\"elementor-element elementor-element-3dcb41d hover-subtext elementor-widget elementor-widget-text-editor\" data-id=\"3dcb41d\" data-element_type=\"widget\" data-e-type=\"widget\" data-widget_type=\"text-editor.default\">\n\t\t\t\t<div class=\"elementor-widget-container\">\n\t\t\t\t\t\t\t\t\t<p>3050 boulevard Cur\u00e9-Labelle, Laval<\/p>\t\t\t\t\t\t\t\t<\/div>\n\t\t\t\t<\/div>\n\t\t\t\t<\/div>\n\t\t\t\t<\/a>\n\t\t\t\t<\/div>\n\t\t\t\t<\/div>\n\t\t\t\t<\/div>\n\t\t\t\t<\/div>\n\t\t","protected":false},"excerpt":{"rendered":"<p>Our Projects Vous avez un projet en t\u00eate ? Visitez nos salles de montre Qu\u00e9bec 146 Rue de Rotterdam, St-Augustin Montr\u00e9al 3050 boulevard Cur\u00e9-Labelle, Laval<\/p>\n","protected":false},"author":1,"featured_media":0,"parent":1245,"menu_order":0,"comment_status":"closed","ping_status":"closed","template":"","meta":{"_acf_changed":false,"footnotes":""},"class_list":["post-1256","page","type-page","status-publish","hentry"],"acf":[],"_links":{"self":[{"href":"https:\/\/richardetlevesque.com\/en\/wp-json\/wp\/v2\/pages\/1256","targetHints":{"allow":["GET"]}}],"collection":[{"href":"https:\/\/richardetlevesque.com\/en\/wp-json\/wp\/v2\/pages"}],"about":[{"href":"https:\/\/richardetlevesque.com\/en\/wp-json\/wp\/v2\/types\/page"}],"author":[{"embeddable":true,"href":"https:\/\/richardetlevesque.com\/en\/wp-json\/wp\/v2\/users\/1"}],"replies":[{"embeddable":true,"href":"https:\/\/richardetlevesque.com\/en\/wp-json\/wp\/v2\/comments?post=1256"}],"version-history":[{"count":8,"href":"https:\/\/richardetlevesque.com\/en\/wp-json\/wp\/v2\/pages\/1256\/revisions"}],"predecessor-version":[{"id":20860,"href":"https:\/\/richardetlevesque.com\/en\/wp-json\/wp\/v2\/pages\/1256\/revisions\/20860"}],"up":[{"embeddable":true,"href":"https:\/\/richardetlevesque.com\/en\/wp-json\/wp\/v2\/pages\/1245"}],"wp:attachment":[{"href":"https:\/\/richardetlevesque.com\/en\/wp-json\/wp\/v2\/media?parent=1256"}],"curies":[{"name":"wp","href":"https:\/\/api.w.org\/{rel}","templated":true}]}}